{"id":23,"date":"2022-08-25T12:01:32","date_gmt":"2022-08-25T12:01:32","guid":{"rendered":"https:\/\/mittelschule-schanz.de\/?page_id=23"},"modified":"2026-04-16T04:40:27","modified_gmt":"2026-04-16T04:40:27","slug":"impressum","status":"publish","type":"page","link":"https:\/\/mittelschule-schanz.de\/?page_id=23","title":{"rendered":"Impressum"},"content":{"rendered":"\n<p><strong>Impressum<\/strong><br><\/p>\n\n\n\n<p><strong>Anbieter der Seite<\/strong><br>Diensteanbieter des Internetauftritts der Mittelschule Auf der Schanz]: Freistaat Bayern<br>Rechtsform: Gebietsk\u00f6rperschaft des \u00f6ffentlichen Rechts<br>Mittelschule Auf der Schanz<br>Auf der Schanz 28<br>85049 Ingolstadt<br>Tel: 0841\/30540600<br>info@mittelschule-schanz.de<\/p>\n\n\n\n<p><strong>Vertretungsberechtigt<\/strong><br>Groll Michael<\/p>\n\n\n\n<p><strong>Verantwortlich f\u00fcr das Angebot im Sinne des \u00a7 18 Abs. 2 MStV<\/strong><br>Groll Michael<br>Mittelschule Auf der Schanz<br>Auf der Schanz 28<br>85049 Ingolstadt<br>Tel: 0841\/30540600<br>info@mittelschule-schanz.de<br><\/p>\n\n\n\n<p>Namentlich gekennzeichnete Internetseiten geben die Auffassungen und Erkenntnisse der genannten Personen wieder.<br><\/p>\n\n\n\n<p><strong>Nutzungsbedingungen<\/strong><br>Texte, Bilder, Grafiken sowie die Gestaltung dieser Internetseiten k\u00f6nnen dem Urheberrecht unterliegen.<br>Nicht urheberrechtlich gesch\u00fctzt sind nach \u00a7 5 des Urheberrechtsgesetzes (UrhG)<\/p>\n\n\n\n<ul class=\"wp-block-list\">\n<li>Gesetze, Verordnungen, amtliche Erlasse und Bekanntmachungen sowie Entscheidungen und amtlich verfasste Leits\u00e4tze zu Entscheidungen und<\/li>\n\n\n\n<li>andere amtliche Werke, die im amtlichen Interesse zur allgemeinen Kenntnisnahme ver\u00f6ffentlicht worden sind, mit der Einschr\u00e4nkung, dass die Bestimmungen \u00fcber \u00c4nderungsverbot und Quellenangabe in \u00a7 62 Abs. 1 bis 3 und \u00a7 63 Abs. 1 und 2 UrhG entsprechend anzuwenden sind.<br>Als Privatperson d\u00fcrfen Sie urheberrechtlich gesch\u00fctztes Material zum privaten und sonstigen eigenen Gebrauch im Rahmen des \u00a7 53 UrhG verwenden. Eine Vervielf\u00e4ltigung oder Verwendung urheberrecht-lich gesch\u00fctzten Materials dieser Seiten oder Teilen davon in anderen elektronischen oder gedruckten Publikationen und deren Ver\u00f6ffentlichung ist nur mit unserer Einwilligung gestattet. Diese Einwilligung erteilen auf Anfrage die f\u00fcr den Inhalt Verantwortlichen. Der Nachdruck und die Auswertung von Pres-semitteilungen und Reden sind mit Quellenangabe allgemein gestattet.<\/li>\n<\/ul>\n\n\n\n<p>Weiterhin k\u00f6nnen Texte, Bilder, Grafiken und sonstige Dateien ganz oder teilweise dem Urheberrecht Dritter unterliegen. Auch \u00fcber das Bestehen m\u00f6glicher Rechte Dritter geben Ihnen die f\u00fcr den Inhalt Verantwortlichen n\u00e4here Ausk\u00fcnfte.<br><\/p>\n\n\n\n<p><strong>Haftungsausschluss<\/strong><br>Alle auf dieser Internetseite bereitgestellten Informationen haben wir nach bestem Wissen und Gewis-sen erarbeitet und gepr\u00fcft. Eine Gew\u00e4hr f\u00fcr die jederzeitige Aktualit\u00e4t, Richtigkeit, Vollst\u00e4ndigkeit und Verf\u00fcgbarkeit der bereit gestellten Informationen k\u00f6nnen wir allerdings nicht \u00fcbernehmen. Ein Ver-tragsverh\u00e4ltnis mit den Nutzern des Internetangebots kommt nicht zustande.<\/p>\n\n\n\n<p>Wir haften nicht f\u00fcr Sch\u00e4den, die durch die Nutzung dieses Internetangebots entstehen. Dieser Haftungsausschluss gilt nicht, soweit die Vorschriften des \u00a7 839 BGB (Haftung bei Amtspflichtverletzung) einschl\u00e4gig sind. F\u00fcr etwaige Sch\u00e4den, die beim Aufrufen oder Herunterladen von Daten durch Schadsoftware oder der Installation oder Nutzung von Software verursacht werden, \u00fcbernehmen wir keine Haftung.<\/p>\n\n\n\n<p><strong>Links<\/strong><br>Von unseren eigenen Inhalten sind Querverweise (\u201eLinks\u201c) auf die Webseiten anderer Anbieter zu unterscheiden. Durch diese Links erm\u00f6glichen wir lediglich den Zugang zur Nutzung fremder Inhalte nach \u00a7 7 Abs. 1 Digitale-Dienste-Gesetz (DDG) i.V.m. Art. 4 VO (EU) 2022\/2065 (Digital Services Act). Diese Webseiten sind unabh\u00e4ngig und liegen au\u00dferhalb der Kontrolle des Anbieters dieser Seite. F\u00fcr eine Nutzung dieser fremden Inhalte k\u00f6nnen wir daher keine Verantwortung \u00fcbernehmen. F\u00fcr illegale, fehlerhafte oder unvollst\u00e4ndige Inhalte und insbesondere f\u00fcr Sch\u00e4den, die aus der Nutzung oder Nicht-nutzung von Informationen Dritter entstehen, haftet allein der jeweilige Anbieter der Seite.<\/p>\n","protected":false},"excerpt":{"rendered":"<p>Impressum Anbieter der SeiteDiensteanbieter des Internetauftritts der Mittelschule Auf der Schanz]: Freistaat BayernRechtsform: Gebietsk\u00f6rperschaft des \u00f6ffentlichen RechtsMittelschule Auf der SchanzAuf der Schanz 2885049 IngolstadtTel: 0841\/30540600info@mittelschule-schanz.de VertretungsberechtigtGroll Michael Verantwortlich f\u00fcr das Angebot im Sinne des \u00a7 18 Abs. 2 MStVGroll MichaelMittelschule Auf der SchanzAuf der Schanz 2885049 IngolstadtTel: 0841\/30540600info@mittelschule-schanz.de Namentlich gekennzeichnete Internetseiten geben die Auffassungen und &#8230; <a title=\"Impressum\" class=\"read-more\" href=\"https:\/\/mittelschule-schanz.de\/?page_id=23\" aria-label=\"Mehr Informationen \u00fcber Impressum\">Weiterlesen &#8230;<\/a><\/p>\n","protected":false},"author":1,"featured_media":0,"parent":0,"menu_order":0,"comment_status":"closed","ping_status":"closed","template":"","meta":{"generate_page_header":"","footnotes":""},"class_list":{"0":"post-23","1":"page","2":"type-page","3":"status-publish","5":"no-featured-image-padding"},"_links":{"self":[{"href":"https:\/\/mittelschule-schanz.de\/index.php?rest_route=\/wp\/v2\/pages\/23","targetHints":{"allow":["GET"]}}],"collection":[{"href":"https:\/\/mittelschule-schanz.de\/index.php?rest_route=\/wp\/v2\/pages"}],"about":[{"href":"https:\/\/mittelschule-schanz.de\/index.php?rest_route=\/wp\/v2\/types\/page"}],"author":[{"embeddable":true,"href":"https:\/\/mittelschule-schanz.de\/index.php?rest_route=\/wp\/v2\/users\/1"}],"replies":[{"embeddable":true,"href":"https:\/\/mittelschule-schanz.de\/index.php?rest_route=%2Fwp%2Fv2%2Fcomments&post=23"}],"version-history":[{"count":4,"href":"https:\/\/mittelschule-schanz.de\/index.php?rest_route=\/wp\/v2\/pages\/23\/revisions"}],"predecessor-version":[{"id":940,"href":"https:\/\/mittelschule-schanz.de\/index.php?rest_route=\/wp\/v2\/pages\/23\/revisions\/940"}],"wp:attachment":[{"href":"https:\/\/mittelschule-schanz.de\/index.php?rest_route=%2Fwp%2Fv2%2Fmedia&parent=23"}],"curies":[{"name":"wp","href":"https:\/\/api.w.org\/{rel}","templated":true}]}}